{"id":2019,"date":"2021-11-29T21:26:07","date_gmt":"2021-11-29T20:26:07","guid":{"rendered":"https:\/\/hedgego.at\/freier-trial\/"},"modified":"2025-05-27T15:01:38","modified_gmt":"2025-05-27T13:01:38","slug":"freier-trial","status":"publish","type":"page","link":"https:\/\/hedgego.at\/de\/freier-trial\/","title":{"rendered":"Freier Trial"},"content":{"rendered":"<p>[et_pb_section fb_built=&#8221;1&#8243; _builder_version=&#8221;4.16&#8243; _module_preset=&#8221;default&#8221; use_background_color_gradient=&#8221;on&#8221; background_color_gradient_stops=&#8221;#005a78 0%|#ffffff 14%&#8221; background_color_gradient_start=&#8221;#005a78&#8243; background_color_gradient_end=&#8221;#ffffff&#8221; background_color_gradient_end_position=&#8221;14%&#8221; custom_margin=&#8221;0px||120px||false|false&#8221; custom_margin_tablet=&#8221;40px||40px||true|false&#8221; custom_margin_phone=&#8221;30px||30px||true|false&#8221; custom_margin_last_edited=&#8221;on|phone&#8221; background_last_edited=&#8221;on|tablet&#8221; use_background_color_gradient_tablet=&#8221;off&#8221; global_colors_info=&#8221;{}&#8221;][et_pb_row column_structure=&#8221;1_3,1_3,1_3&#8243; _builder_version=&#8221;4.16&#8243; _module_preset=&#8221;default&#8221; global_colors_info=&#8221;{}&#8221;][et_pb_column type=&#8221;1_3&#8243; _builder_version=&#8221;4.16&#8243; _module_preset=&#8221;default&#8221; global_colors_info=&#8221;{}&#8221;][et_pb_text _builder_version=&#8221;4.16&#8243; _module_preset=&#8221;default&#8221; custom_margin=&#8221;||20px||false|false&#8221; global_colors_info=&#8221;{}&#8221;]<\/p>\n<p>Gro\u00dfartiger Schritt, let&#8217;s do it<\/p>\n<p>[\/et_pb_text][et_pb_text _builder_version=&#8221;4.21.2&#8243; _module_preset=&#8221;default&#8221; custom_margin=&#8221;||20px||false|false&#8221; global_colors_info=&#8221;{}&#8221;]<\/p>\n<div class=\"page\" title=\"Page 2\">\n<div class=\"section\">\n<div class=\"layoutArea\">\n<div class=\"column\">\n<h2><strong>Starten Sie jetzt mit Ihrem Free Trial<\/strong><\/h2>\n<\/div>\n<\/div>\n<\/div>\n<\/div>\n<p>[\/et_pb_text][et_pb_divider color=&#8221;#000000&#8243; divider_weight=&#8221;2px&#8221; _builder_version=&#8221;4.16&#8243; _module_preset=&#8221;default&#8221; max_width=&#8221;30%&#8221; global_colors_info=&#8221;{}&#8221;][\/et_pb_divider][et_pb_text _builder_version=&#8221;4.21.2&#8243; _module_preset=&#8221;default&#8221; global_colors_info=&#8221;{}&#8221;]<\/p>\n<p>Ihr kostenloser Free Trial ist eine gute M\u00f6glichkeit, das Potenzial von HedgeGo zu testen. Wir senden Ihnen eine vollst\u00e4ndige Bewertung Ihres Engagements, einschlie\u00dflich einer Historie und einer Vorhersage f\u00fcr ein relevantes W\u00e4hrungspaar, das Sie im Testformular angeben k\u00f6nnen.<\/p>\n<p><strong>Erhalten Sie zus\u00e4tzlich eine kostenlose Analyse!<\/strong><\/p>\n<p>[\/et_pb_text][\/et_pb_column][et_pb_column type=&#8221;1_3&#8243; _builder_version=&#8221;4.16&#8243; _module_preset=&#8221;default&#8221; global_colors_info=&#8221;{}&#8221;][wpforms_selector _builder_version=&#8221;4.27.4&#8243; _module_preset=&#8221;default&#8221; form_id=&#8221;15511&#8243; custom_css_free_form=&#8221;\/* All placeholder text inside the form *\/||.wpforms-form input::placeholder,||.wpforms-form textarea::placeholder {||  color: #888 !important;||  font-size: 15px !important;||}||||||||\/* Name Field *\/||.wpforms-field.contact-name input {||  background-color: #f4faff !important;||  border: 2px solid #ccc !important;||  border-radius: 8px !important;||  padding: 12px !important;||  font-size: 16px !important;||  width: 100% !important;||  max-height: 30px;||}||||\/* Company Field *\/||.wpforms-field.contact-company input {||  background-color: #f4faff !important;||  border: 2px solid #ccc !important;||  border-radius: 8px !important;||  padding: 12px !important;||  font-size: 16px !important;||  width: 100% !important;||  max-height: 30px;||}||||\/* Job Field *\/||.wpforms-field.contact-job input {||  background-color: #f4faff !important;||  border: 2px solid #ccc !important;||  border-radius: 8px !important;||  padding: 12px !important;||  font-size: 16px !important;||  width: 100% !important;||  max-height: 30px;||}||||\/* Email Field *\/||.wpforms-field.contact-email input {||  background-color: #f4faff !important;||  border: 2px solid #ccc !important;||  border-radius: 8px !important;||  padding: 12px !important;||  font-size: 16px !important;||  width: 100% !important;||  max-height: 30px;||}||||\/* Base Currency Field *\/||.wpforms-field.trial-basecurrency input {||  background-color: #f4faff !important;||  border: 2px solid #ccc !important;||  border-radius: 8px !important;||  padding: 12px !important;||  font-size: 16px !important;||  width: 100% !important;||  max-height: 30px;||}||||\/* Risk Currency Field *\/||.wpforms-field.trial-riskcurrency input {||  background-color: #f4faff !important;||  border: 2px solid #ccc !important;||  border-radius: 8px !important;||  padding: 12px !important;||  font-size: 16px !important;||  width: 100% !important;||  max-height: 30px;||}||||\/* Risk Type Field *\/||.wpforms-field.trial-risk input {||  background-color: #f4faff !important;||  border: 2px solid #ccc !important;||  border-radius: 8px !important;||  padding: 12px !important;||  font-size: 16px !important;||  width: 100% !important;||  max-height: 30px;||}||||||\/* Labels *\/||.wpforms-field-label {||  font-weight: 600 !important;||  color: #333 !important;||  font-size: 15px !important;||}||||\/* Submit Button *\/||.wpforms-submit {||  background-color: #0073e6 !important;||  color: white !important;||  padding: 12px 30px !important;||  font-size: 16px !important;||  border: none !important;||  border-radius: 6px !important;||  cursor: pointer !important;||  transition: background-color 0.3s ease !important;||}||||.wpforms-submit:hover {||  background-color: #005bb5 !important;||}&#8221; hover_enabled=&#8221;0&#8243; sticky_enabled=&#8221;0&#8243;][\/wpforms_selector][\/et_pb_column][et_pb_column type=&#8221;1_3&#8243; _builder_version=&#8221;4.16&#8243; _module_preset=&#8221;default&#8221; global_colors_info=&#8221;{}&#8221;][et_pb_image src=&#8221;https:\/\/hedgego.at\/wp-content\/uploads\/2021\/12\/test-hedgeGo.png&#8221; title_text=&#8221;test hedgeGo&#8221; align_tablet=&#8221;&#8221; align_phone=&#8221;center&#8221; align_last_edited=&#8221;on|phone&#8221; _builder_version=&#8221;4.16&#8243; _module_preset=&#8221;default&#8221; max_width=&#8221;53%&#8221; max_width_tablet=&#8221;53%&#8221; max_width_phone=&#8221;53%&#8221; max_width_last_edited=&#8221;on|desktop&#8221; module_alignment=&#8221;left&#8221; border_radii=&#8221;on|30px|30px|30px|30px&#8221; global_colors_info=&#8221;{}&#8221;][\/et_pb_image][\/et_pb_column][\/et_pb_row][\/et_pb_section]<\/p>\n","protected":false},"excerpt":{"rendered":"<p>Gro\u00dfartiger Schritt, let&#8217;s do it Starten Sie jetzt mit Ihrem Free Trial Ihr kostenloser Free Trial ist eine gute M\u00f6glichkeit, das Potenzial von HedgeGo zu testen. Wir senden Ihnen eine vollst\u00e4ndige Bewertung Ihres Engagements, einschlie\u00dflich einer Historie und einer Vorhersage f\u00fcr ein relevantes W\u00e4hrungspaar, das Sie im Testformular angeben k\u00f6nnen. Erhalten Sie zus\u00e4tzlich eine kostenlose Analyse!<div class=\"et_pb_module wpforms_selector wpforms_selector_0\">\n\t\t\t\t\n\t\t\t\t\n\t\t\t\t\n\t\t\t\t\n\t\t\t\t\n\t\t\t\t\n\t\t\t\t<div class=\"et_pb_module_inner\">\n\t\t\t\t\t\n\t\t\t\t<\/div>\n\t\t\t<\/div><\/p>\n","protected":false},"author":2,"featured_media":0,"parent":0,"menu_order":0,"comment_status":"closed","ping_status":"closed","template":"","meta":{"_et_pb_use_builder":"on","_et_pb_old_content":"","_et_gb_content_width":"","inline_featured_image":false,"iawp_total_views":97,"footnotes":""},"class_list":["post-2019","page","type-page","status-publish","hentry"],"yoast_head":"<!-- This site is optimized with the Yoast SEO plugin v26.7 - https:\/\/yoast.com\/wordpress\/plugins\/seo\/ -->\n<title>Freier Trial - hedgeGo<\/title>\n<meta name=\"robots\" content=\"index, follow, max-snippet:-1, max-image-preview:large, max-video-preview:-1\" \/>\n<link rel=\"canonical\" href=\"https:\/\/hedgego.at\/de\/freier-trial\/\" \/>\n<meta property=\"og:locale\" content=\"de_DE\" \/>\n<meta property=\"og:type\" content=\"article\" \/>\n<meta property=\"og:title\" content=\"Freier Trial - hedgeGo\" \/>\n<meta property=\"og:description\" content=\"Gro\u00dfartiger Schritt, let&#039;s do it Starten Sie jetzt mit Ihrem Free Trial Ihr kostenloser Free Trial ist eine gute M\u00f6glichkeit, das Potenzial von HedgeGo zu testen. Wir senden Ihnen eine vollst\u00e4ndige Bewertung Ihres Engagements, einschlie\u00dflich einer Historie und einer Vorhersage f\u00fcr ein relevantes W\u00e4hrungspaar, das Sie im Testformular angeben k\u00f6nnen. Erhalten Sie zus\u00e4tzlich eine kostenlose Analyse!\" \/>\n<meta property=\"og:url\" content=\"https:\/\/hedgego.at\/de\/freier-trial\/\" \/>\n<meta property=\"og:site_name\" content=\"hedgeGo\" \/>\n<meta property=\"article:modified_time\" content=\"2025-05-27T13:01:38+00:00\" \/>\n<meta property=\"og:image\" content=\"https:\/\/hedgego.at\/wp-content\/uploads\/2023\/02\/website.jpg\" \/>\n\t<meta property=\"og:image:width\" content=\"2272\" \/>\n\t<meta property=\"og:image:height\" content=\"1165\" \/>\n\t<meta property=\"og:image:type\" content=\"image\/jpeg\" \/>\n<meta name=\"twitter:card\" content=\"summary_large_image\" \/>\n<meta name=\"twitter:label1\" content=\"Gesch\u00e4tzte Lesezeit\" \/>\n\t<meta name=\"twitter:data1\" content=\"3\u00a0Minuten\" \/>\n<script type=\"application\/ld+json\" class=\"yoast-schema-graph\">{\"@context\":\"https:\/\/schema.org\",\"@graph\":[{\"@type\":\"WebPage\",\"@id\":\"https:\/\/hedgego.at\/de\/freier-trial\/\",\"url\":\"https:\/\/hedgego.at\/de\/freier-trial\/\",\"name\":\"Freier Trial - hedgeGo\",\"isPartOf\":{\"@id\":\"https:\/\/hedgego.at\/de\/#website\"},\"datePublished\":\"2021-11-29T20:26:07+00:00\",\"dateModified\":\"2025-05-27T13:01:38+00:00\",\"breadcrumb\":{\"@id\":\"https:\/\/hedgego.at\/de\/freier-trial\/#breadcrumb\"},\"inLanguage\":\"de\",\"potentialAction\":[{\"@type\":\"ReadAction\",\"target\":[\"https:\/\/hedgego.at\/de\/freier-trial\/\"]}]},{\"@type\":\"BreadcrumbList\",\"@id\":\"https:\/\/hedgego.at\/de\/freier-trial\/#breadcrumb\",\"itemListElement\":[{\"@type\":\"ListItem\",\"position\":1,\"name\":\"Startseite\",\"item\":\"https:\/\/hedgego.at\/de\/homepage\/\"},{\"@type\":\"ListItem\",\"position\":2,\"name\":\"Freier Trial\"}]},{\"@type\":\"WebSite\",\"@id\":\"https:\/\/hedgego.at\/de\/#website\",\"url\":\"https:\/\/hedgego.at\/de\/\",\"name\":\"hedgeGo\",\"description\":\"FX Intelligence\",\"publisher\":{\"@id\":\"https:\/\/hedgego.at\/de\/#organization\"},\"potentialAction\":[{\"@type\":\"SearchAction\",\"target\":{\"@type\":\"EntryPoint\",\"urlTemplate\":\"https:\/\/hedgego.at\/de\/?s={search_term_string}\"},\"query-input\":{\"@type\":\"PropertyValueSpecification\",\"valueRequired\":true,\"valueName\":\"search_term_string\"}}],\"inLanguage\":\"de\"},{\"@type\":\"Organization\",\"@id\":\"https:\/\/hedgego.at\/de\/#organization\",\"name\":\"HedgeGo - FX Intelligence\",\"url\":\"https:\/\/hedgego.at\/de\/\",\"logo\":{\"@type\":\"ImageObject\",\"inLanguage\":\"de\",\"@id\":\"https:\/\/hedgego.at\/de\/#\/schema\/logo\/image\/\",\"url\":\"https:\/\/hedgego.at\/wp-content\/uploads\/2024\/04\/HedgeGo-Teaser.png\",\"contentUrl\":\"https:\/\/hedgego.at\/wp-content\/uploads\/2024\/04\/HedgeGo-Teaser.png\",\"width\":2978,\"height\":1984,\"caption\":\"HedgeGo - FX Intelligence\"},\"image\":{\"@id\":\"https:\/\/hedgego.at\/de\/#\/schema\/logo\/image\/\"},\"sameAs\":[\"https:\/\/www.linkedin.com\/company\/hedgego\/\"]}]}<\/script>\n<!-- \/ Yoast SEO plugin. -->","yoast_head_json":{"title":"Freier Trial - hedgeGo","robots":{"index":"index","follow":"follow","max-snippet":"max-snippet:-1","max-image-preview":"max-image-preview:large","max-video-preview":"max-video-preview:-1"},"canonical":"https:\/\/hedgego.at\/de\/freier-trial\/","og_locale":"de_DE","og_type":"article","og_title":"Freier Trial - hedgeGo","og_description":"Gro\u00dfartiger Schritt, let's do it Starten Sie jetzt mit Ihrem Free Trial Ihr kostenloser Free Trial ist eine gute M\u00f6glichkeit, das Potenzial von HedgeGo zu testen. Wir senden Ihnen eine vollst\u00e4ndige Bewertung Ihres Engagements, einschlie\u00dflich einer Historie und einer Vorhersage f\u00fcr ein relevantes W\u00e4hrungspaar, das Sie im Testformular angeben k\u00f6nnen. Erhalten Sie zus\u00e4tzlich eine kostenlose Analyse!","og_url":"https:\/\/hedgego.at\/de\/freier-trial\/","og_site_name":"hedgeGo","article_modified_time":"2025-05-27T13:01:38+00:00","og_image":[{"width":2272,"height":1165,"url":"https:\/\/hedgego.at\/wp-content\/uploads\/2023\/02\/website.jpg","type":"image\/jpeg"}],"twitter_card":"summary_large_image","twitter_misc":{"Gesch\u00e4tzte Lesezeit":"3\u00a0Minuten"},"schema":{"@context":"https:\/\/schema.org","@graph":[{"@type":"WebPage","@id":"https:\/\/hedgego.at\/de\/freier-trial\/","url":"https:\/\/hedgego.at\/de\/freier-trial\/","name":"Freier Trial - hedgeGo","isPartOf":{"@id":"https:\/\/hedgego.at\/de\/#website"},"datePublished":"2021-11-29T20:26:07+00:00","dateModified":"2025-05-27T13:01:38+00:00","breadcrumb":{"@id":"https:\/\/hedgego.at\/de\/freier-trial\/#breadcrumb"},"inLanguage":"de","potentialAction":[{"@type":"ReadAction","target":["https:\/\/hedgego.at\/de\/freier-trial\/"]}]},{"@type":"BreadcrumbList","@id":"https:\/\/hedgego.at\/de\/freier-trial\/#breadcrumb","itemListElement":[{"@type":"ListItem","position":1,"name":"Startseite","item":"https:\/\/hedgego.at\/de\/homepage\/"},{"@type":"ListItem","position":2,"name":"Freier Trial"}]},{"@type":"WebSite","@id":"https:\/\/hedgego.at\/de\/#website","url":"https:\/\/hedgego.at\/de\/","name":"hedgeGo","description":"FX Intelligence","publisher":{"@id":"https:\/\/hedgego.at\/de\/#organization"},"potentialAction":[{"@type":"SearchAction","target":{"@type":"EntryPoint","urlTemplate":"https:\/\/hedgego.at\/de\/?s={search_term_string}"},"query-input":{"@type":"PropertyValueSpecification","valueRequired":true,"valueName":"search_term_string"}}],"inLanguage":"de"},{"@type":"Organization","@id":"https:\/\/hedgego.at\/de\/#organization","name":"HedgeGo - FX Intelligence","url":"https:\/\/hedgego.at\/de\/","logo":{"@type":"ImageObject","inLanguage":"de","@id":"https:\/\/hedgego.at\/de\/#\/schema\/logo\/image\/","url":"https:\/\/hedgego.at\/wp-content\/uploads\/2024\/04\/HedgeGo-Teaser.png","contentUrl":"https:\/\/hedgego.at\/wp-content\/uploads\/2024\/04\/HedgeGo-Teaser.png","width":2978,"height":1984,"caption":"HedgeGo - FX Intelligence"},"image":{"@id":"https:\/\/hedgego.at\/de\/#\/schema\/logo\/image\/"},"sameAs":["https:\/\/www.linkedin.com\/company\/hedgego\/"]}]}},"_links":{"self":[{"href":"https:\/\/hedgego.at\/de\/wp-json\/wp\/v2\/pages\/2019","targetHints":{"allow":["GET"]}}],"collection":[{"href":"https:\/\/hedgego.at\/de\/wp-json\/wp\/v2\/pages"}],"about":[{"href":"https:\/\/hedgego.at\/de\/wp-json\/wp\/v2\/types\/page"}],"author":[{"embeddable":true,"href":"https:\/\/hedgego.at\/de\/wp-json\/wp\/v2\/users\/2"}],"replies":[{"embeddable":true,"href":"https:\/\/hedgego.at\/de\/wp-json\/wp\/v2\/comments?post=2019"}],"version-history":[{"count":1,"href":"https:\/\/hedgego.at\/de\/wp-json\/wp\/v2\/pages\/2019\/revisions"}],"predecessor-version":[{"id":15524,"href":"https:\/\/hedgego.at\/de\/wp-json\/wp\/v2\/pages\/2019\/revisions\/15524"}],"wp:attachment":[{"href":"https:\/\/hedgego.at\/de\/wp-json\/wp\/v2\/media?parent=2019"}],"curies":[{"name":"wp","href":"https:\/\/api.w.org\/{rel}","templated":true}]}}