{"id":15737,"date":"2025-08-25T17:34:50","date_gmt":"2025-08-25T15:34:50","guid":{"rendered":"https:\/\/hedgego.at\/?page_id=15737"},"modified":"2025-08-25T17:34:51","modified_gmt":"2025-08-25T15:34:51","slug":"datenschutzerklaerung","status":"publish","type":"page","link":"https:\/\/hedgego.at\/de\/datenschutzerklaerung\/","title":{"rendered":"Datenschutzerkl\u00e4rung"},"content":{"rendered":"<p>[et_pb_section fb_built=&#8221;1&#8243; _builder_version=&#8221;4.16&#8243; _module_preset=&#8221;default&#8221; global_colors_info=&#8221;{}&#8221; theme_builder_area=&#8221;post_content&#8221;][et_pb_row column_structure=&#8221;1_2,1_2&#8243; _builder_version=&#8221;4.16&#8243; _module_preset=&#8221;default&#8221; global_colors_info=&#8221;{}&#8221; theme_builder_area=&#8221;post_content&#8221;][et_pb_column type=&#8221;1_2&#8243; _builder_version=&#8221;4.16&#8243; _module_preset=&#8221;default&#8221; global_colors_info=&#8221;{}&#8221; theme_builder_area=&#8221;post_content&#8221;][et_pb_text _builder_version=&#8221;4.16&#8243; _module_preset=&#8221;default&#8221; global_colors_info=&#8221;{}&#8221; theme_builder_area=&#8221;post_content&#8221;]<\/p>\n<h1>Datenschutzerkl\u00e4rung<\/h1>\n<p>[\/et_pb_text][et_pb_text _builder_version=&#8221;4.25.1&#8243; _module_preset=&#8221;default&#8221; global_colors_info=&#8221;{}&#8221; theme_builder_area=&#8221;post_content&#8221;]<\/p>\n<h3><strong>Informationspflicht nach DSGVO Art. 13<\/strong><\/h3>\n<p>Verantwortlicher f\u00fcr die Datenerhebung:<\/p>\n<p>HedgeGo GmbH<br \/>Promenadegasse 51<br \/>A-1170 Wien<br \/>E-Mail: gm@hedgego.com<br \/>Telefon: +43 664 2009011<\/p>\n<p>Es ist kein Datenschutzbeauftragter bestellt, da dies gesetzlich nicht notwendig ist.<\/p>\n<p>Zweck(e) der Datenverarbeitung:<\/p>\n<p>Webauftritt \u2013 Technik<br \/>Rechtsgrundlage: berechtigtes Interesse (DSGVO Art. 6 Abs. 1 f)<br \/>f\u00fcr systembedingte Cookies bzw. Logfiles<br \/>Personengruppen: Website-Besucher<br \/>L\u00f6schfristen: Tracking-\/Logdaten: nach 3 Monaten<br \/>Empf\u00e4ngergruppen: IT-Technik<\/p>\n<p>Kontaktaufnahme<br \/>Rechtsgrundlage: Einwilligung zur Verarbeitung (DSGVO Art. 6 Abs. 1 a)<br \/>Vorvertragliche Ma\u00dfnahmen im Zuge von Formularen oder sonstiger Informationseingaben<br \/>Personengruppen: Kunden, G\u00e4ste<br \/>L\u00f6schfristen: Pers\u00f6nliche Identifikationsdaten: 1 Jahr nach letztem Kontakt, wenn keine vertraglichen Ma\u00dfnahmen ergriffen werden<br \/>Empf\u00e4ngergruppen: IT-Technik<\/p>\n<p>Marktanalyse<br \/>Rechtsgrundlage: Erf\u00fcllung eines Vertrages (DSGVO Art. 6 Abs. 1 b)<br \/>Personengruppen: Kunden, Mitarbeiter<br \/>L\u00f6schfristen: Kontaktdaten: nach Beendigung des Vertrages oder der Zusammenarbeit, Pers\u00f6nliche Identifikationsdaten: Steuerrecht nach \u00a7 132 Abs 1 BAO: 7 Jahre<br \/>Empf\u00e4ngergruppen: Banken, IT-Technik, Steuerberater, Versanddienstleister<br \/>\u00dcbermittlung an Drittstaaten: keine \u00dcbermittlung an Drittstaaten <\/p>\n<p>Die betroffenen Personen haben folgende Rechte gegen\u00fcber dem Verantwortlichen:<\/p>\n<p>&#8211; Recht auf Best\u00e4tigung<br \/>&#8211; Recht auf Auskunft<br \/>&#8211; Recht auf Berichtigung<br \/>&#8211; Recht auf L\u00f6schung<br \/>&#8211; Recht auf Einschr\u00e4nkung der Verarbeitung<br \/>&#8211; Widerspruchsrecht gegen die Verarbeitung (nur bei berechtigtem Interesse)<br \/>&#8211; Recht auf Daten\u00fcbertragbarkeit (nur bei Vertragsbeziehung oder Einwilligung)<br \/>&#8211; Beschwerderecht bei der Aufsichtsbeh\u00f6rde<\/p>\n<p>Wenn die Verarbeitung auf der Einwilligung beruht, hat die betroffene Person, das Recht die Einwilligung jederzeit zu widerrufen (Marketing f\u00fcr eigene Zwecke); der Widerruf ber\u00fchrt die Rechtm\u00e4\u00dfigkeit der aufgrund der Einwilligung bis zum Widerruf erfolgten Verarbeitung nicht.<\/p>\n<p>Sofern Fotos auf der Homepage oder in sozialen Netzwerken ver\u00f6ffentlicht werden, werden die Daten auch ver\u00f6ffentlicht, und damit einem unbestimmten Empf\u00e4ngerkreis zur Verf\u00fcgung gestellt.<\/p>\n<p>Es besteht keine Absicht Ihre Daten f\u00fcr automatisierte Entscheidungsfindung einschlie\u00dflich Profiling (Datenanalyse zu Verhalten, Gewohnheiten, Pr\u00e4ferenzen\u2026) zu verarbeiten.<\/p>\n<p>[\/et_pb_text][\/et_pb_column][et_pb_column type=&#8221;1_2&#8243; _builder_version=&#8221;4.16&#8243; _module_preset=&#8221;default&#8221; global_colors_info=&#8221;{}&#8221; theme_builder_area=&#8221;post_content&#8221;][\/et_pb_column][\/et_pb_row][\/et_pb_section]<\/p>\n","protected":false},"excerpt":{"rendered":"<p>Datenschutzerkl\u00e4rungInformationspflicht nach DSGVO Art. 13 Verantwortlicher f\u00fcr die Datenerhebung: HedgeGo GmbHPromenadegasse 51A-1170 WienE-Mail: gm@hedgego.comTelefon: +43 664 2009011 Es ist kein Datenschutzbeauftragter bestellt, da dies gesetzlich nicht notwendig ist. Zweck(e) der Datenverarbeitung: Webauftritt \u2013 TechnikRechtsgrundlage: berechtigtes Interesse (DSGVO Art. 6 Abs. 1 f)f\u00fcr systembedingte Cookies bzw. LogfilesPersonengruppen: Website-BesucherL\u00f6schfristen: Tracking-\/Logdaten: nach 3 MonatenEmpf\u00e4ngergruppen: IT-Technik KontaktaufnahmeRechtsgrundlage: Einwilligung zur Verarbeitung (DSGVO Art. 6 Abs. 1 a)Vorvertragliche Ma\u00dfnahmen im Zuge von Formularen oder sonstiger InformationseingabenPersonengruppen: Kunden, G\u00e4steL\u00f6schfristen: Pers\u00f6nliche Identifikationsdaten: 1 Jahr nach letztem Kontakt, wenn keine vertraglichen Ma\u00dfnahmen ergriffen werdenEmpf\u00e4ngergruppen: IT-Technik MarktanalyseRechtsgrundlage: Erf\u00fcllung eines Vertrages (DSGVO Art. 6 Abs. 1 b)Personengruppen: Kunden, MitarbeiterL\u00f6schfristen: Kontaktdaten: nach Beendigung des Vertrages oder der Zusammenarbeit, Pers\u00f6nliche Identifikationsdaten: Steuerrecht nach \u00a7 132 Abs 1 BAO: 7 JahreEmpf\u00e4ngergruppen: Banken, IT-Technik, Steuerberater, Versanddienstleister\u00dcbermittlung an Drittstaaten: keine \u00dcbermittlung an Drittstaaten Die betroffenen Personen haben folgende Rechte gegen\u00fcber dem Verantwortlichen: &#8211; Recht auf Best\u00e4tigung- Recht auf Auskunft- Recht auf Berichtigung- Recht auf L\u00f6schung- Recht auf Einschr\u00e4nkung der Verarbeitung- Widerspruchsrecht gegen die Verarbeitung (nur bei berechtigtem Interesse)- Recht auf Daten\u00fcbertragbarkeit (nur bei Vertragsbeziehung oder Einwilligung)- Beschwerderecht bei der Aufsichtsbeh\u00f6rde Wenn die Verarbeitung auf der Einwilligung beruht, hat die betroffene Person, das Recht die Einwilligung jederzeit zu widerrufen (Marketing f\u00fcr eigene Zwecke); der Widerruf ber\u00fchrt die [&hellip;]<\/p>\n","protected":false},"author":14,"featured_media":0,"parent":0,"menu_order":0,"comment_status":"closed","ping_status":"closed","template":"","meta":{"_et_pb_use_builder":"on","_et_pb_old_content":"","_et_gb_content_width":"","inline_featured_image":false,"iawp_total_views":1,"footnotes":""},"class_list":["post-15737","page","type-page","status-publish","hentry"],"yoast_head":"<!-- This site is optimized with the Yoast SEO plugin v26.7 - https:\/\/yoast.com\/wordpress\/plugins\/seo\/ -->\n<title>Datenschutzerkl\u00e4rung - hedgeGo<\/title>\n<meta name=\"robots\" content=\"index, follow, max-snippet:-1, max-image-preview:large, max-video-preview:-1\" \/>\n<link rel=\"canonical\" href=\"https:\/\/hedgego.at\/de\/datenschutzerklaerung\/\" \/>\n<meta property=\"og:locale\" content=\"de_DE\" \/>\n<meta property=\"og:type\" content=\"article\" \/>\n<meta property=\"og:title\" content=\"Datenschutzerkl\u00e4rung - hedgeGo\" \/>\n<meta property=\"og:description\" content=\"Datenschutzerkl\u00e4rungInformationspflicht nach DSGVO Art. 13 Verantwortlicher f\u00fcr die Datenerhebung: HedgeGo GmbHPromenadegasse 51A-1170 WienE-Mail: gm@hedgego.comTelefon: +43 664 2009011 Es ist kein Datenschutzbeauftragter bestellt, da dies gesetzlich nicht notwendig ist. Zweck(e) der Datenverarbeitung: Webauftritt \u2013 TechnikRechtsgrundlage: berechtigtes Interesse (DSGVO Art. 6 Abs. 1 f)f\u00fcr systembedingte Cookies bzw. LogfilesPersonengruppen: Website-BesucherL\u00f6schfristen: Tracking-\/Logdaten: nach 3 MonatenEmpf\u00e4ngergruppen: IT-Technik KontaktaufnahmeRechtsgrundlage: Einwilligung zur Verarbeitung (DSGVO Art. 6 Abs. 1 a)Vorvertragliche Ma\u00dfnahmen im Zuge von Formularen oder sonstiger InformationseingabenPersonengruppen: Kunden, G\u00e4steL\u00f6schfristen: Pers\u00f6nliche Identifikationsdaten: 1 Jahr nach letztem Kontakt, wenn keine vertraglichen Ma\u00dfnahmen ergriffen werdenEmpf\u00e4ngergruppen: IT-Technik MarktanalyseRechtsgrundlage: Erf\u00fcllung eines Vertrages (DSGVO Art. 6 Abs. 1 b)Personengruppen: Kunden, MitarbeiterL\u00f6schfristen: Kontaktdaten: nach Beendigung des Vertrages oder der Zusammenarbeit, Pers\u00f6nliche Identifikationsdaten: Steuerrecht nach \u00a7 132 Abs 1 BAO: 7 JahreEmpf\u00e4ngergruppen: Banken, IT-Technik, Steuerberater, Versanddienstleister\u00dcbermittlung an Drittstaaten: keine \u00dcbermittlung an Drittstaaten Die betroffenen Personen haben folgende Rechte gegen\u00fcber dem Verantwortlichen: - Recht auf Best\u00e4tigung- Recht auf Auskunft- Recht auf Berichtigung- Recht auf L\u00f6schung- Recht auf Einschr\u00e4nkung der Verarbeitung- Widerspruchsrecht gegen die Verarbeitung (nur bei berechtigtem Interesse)- Recht auf Daten\u00fcbertragbarkeit (nur bei Vertragsbeziehung oder Einwilligung)- Beschwerderecht bei der Aufsichtsbeh\u00f6rde Wenn die Verarbeitung auf der Einwilligung beruht, hat die betroffene Person, das Recht die Einwilligung jederzeit zu widerrufen (Marketing f\u00fcr eigene Zwecke); der Widerruf ber\u00fchrt die [&hellip;]\" \/>\n<meta property=\"og:url\" content=\"https:\/\/hedgego.at\/de\/datenschutzerklaerung\/\" \/>\n<meta property=\"og:site_name\" content=\"hedgeGo\" \/>\n<meta property=\"article:modified_time\" content=\"2025-08-25T15:34:51+00:00\" \/>\n<meta property=\"og:image\" content=\"https:\/\/hedgego.at\/wp-content\/uploads\/2023\/02\/website.jpg\" \/>\n\t<meta property=\"og:image:width\" content=\"2272\" \/>\n\t<meta property=\"og:image:height\" content=\"1165\" \/>\n\t<meta property=\"og:image:type\" content=\"image\/jpeg\" \/>\n<meta name=\"twitter:card\" content=\"summary_large_image\" \/>\n<meta name=\"twitter:label1\" content=\"Gesch\u00e4tzte Lesezeit\" \/>\n\t<meta name=\"twitter:data1\" content=\"2\u00a0Minuten\" \/>\n<script type=\"application\/ld+json\" class=\"yoast-schema-graph\">{\"@context\":\"https:\/\/schema.org\",\"@graph\":[{\"@type\":\"WebPage\",\"@id\":\"https:\/\/hedgego.at\/de\/datenschutzerklaerung\/\",\"url\":\"https:\/\/hedgego.at\/de\/datenschutzerklaerung\/\",\"name\":\"Datenschutzerkl\u00e4rung - hedgeGo\",\"isPartOf\":{\"@id\":\"https:\/\/hedgego.at\/de\/#website\"},\"datePublished\":\"2025-08-25T15:34:50+00:00\",\"dateModified\":\"2025-08-25T15:34:51+00:00\",\"breadcrumb\":{\"@id\":\"https:\/\/hedgego.at\/de\/datenschutzerklaerung\/#breadcrumb\"},\"inLanguage\":\"de\",\"potentialAction\":[{\"@type\":\"ReadAction\",\"target\":[\"https:\/\/hedgego.at\/de\/datenschutzerklaerung\/\"]}]},{\"@type\":\"BreadcrumbList\",\"@id\":\"https:\/\/hedgego.at\/de\/datenschutzerklaerung\/#breadcrumb\",\"itemListElement\":[{\"@type\":\"ListItem\",\"position\":1,\"name\":\"Startseite\",\"item\":\"https:\/\/hedgego.at\/de\/homepage\/\"},{\"@type\":\"ListItem\",\"position\":2,\"name\":\"Datenschutzerkl\u00e4rung\"}]},{\"@type\":\"WebSite\",\"@id\":\"https:\/\/hedgego.at\/de\/#website\",\"url\":\"https:\/\/hedgego.at\/de\/\",\"name\":\"hedgeGo\",\"description\":\"FX Intelligence\",\"publisher\":{\"@id\":\"https:\/\/hedgego.at\/de\/#organization\"},\"potentialAction\":[{\"@type\":\"SearchAction\",\"target\":{\"@type\":\"EntryPoint\",\"urlTemplate\":\"https:\/\/hedgego.at\/de\/?s={search_term_string}\"},\"query-input\":{\"@type\":\"PropertyValueSpecification\",\"valueRequired\":true,\"valueName\":\"search_term_string\"}}],\"inLanguage\":\"de\"},{\"@type\":\"Organization\",\"@id\":\"https:\/\/hedgego.at\/de\/#organization\",\"name\":\"HedgeGo - FX Intelligence\",\"url\":\"https:\/\/hedgego.at\/de\/\",\"logo\":{\"@type\":\"ImageObject\",\"inLanguage\":\"de\",\"@id\":\"https:\/\/hedgego.at\/de\/#\/schema\/logo\/image\/\",\"url\":\"https:\/\/hedgego.at\/wp-content\/uploads\/2024\/04\/HedgeGo-Teaser.png\",\"contentUrl\":\"https:\/\/hedgego.at\/wp-content\/uploads\/2024\/04\/HedgeGo-Teaser.png\",\"width\":2978,\"height\":1984,\"caption\":\"HedgeGo - FX Intelligence\"},\"image\":{\"@id\":\"https:\/\/hedgego.at\/de\/#\/schema\/logo\/image\/\"},\"sameAs\":[\"https:\/\/www.linkedin.com\/company\/hedgego\/\"]}]}<\/script>\n<!-- \/ Yoast SEO plugin. -->","yoast_head_json":{"title":"Datenschutzerkl\u00e4rung - hedgeGo","robots":{"index":"index","follow":"follow","max-snippet":"max-snippet:-1","max-image-preview":"max-image-preview:large","max-video-preview":"max-video-preview:-1"},"canonical":"https:\/\/hedgego.at\/de\/datenschutzerklaerung\/","og_locale":"de_DE","og_type":"article","og_title":"Datenschutzerkl\u00e4rung - hedgeGo","og_description":"Datenschutzerkl\u00e4rungInformationspflicht nach DSGVO Art. 13 Verantwortlicher f\u00fcr die Datenerhebung: HedgeGo GmbHPromenadegasse 51A-1170 WienE-Mail: gm@hedgego.comTelefon: +43 664 2009011 Es ist kein Datenschutzbeauftragter bestellt, da dies gesetzlich nicht notwendig ist. Zweck(e) der Datenverarbeitung: Webauftritt \u2013 TechnikRechtsgrundlage: berechtigtes Interesse (DSGVO Art. 6 Abs. 1 f)f\u00fcr systembedingte Cookies bzw. LogfilesPersonengruppen: Website-BesucherL\u00f6schfristen: Tracking-\/Logdaten: nach 3 MonatenEmpf\u00e4ngergruppen: IT-Technik KontaktaufnahmeRechtsgrundlage: Einwilligung zur Verarbeitung (DSGVO Art. 6 Abs. 1 a)Vorvertragliche Ma\u00dfnahmen im Zuge von Formularen oder sonstiger InformationseingabenPersonengruppen: Kunden, G\u00e4steL\u00f6schfristen: Pers\u00f6nliche Identifikationsdaten: 1 Jahr nach letztem Kontakt, wenn keine vertraglichen Ma\u00dfnahmen ergriffen werdenEmpf\u00e4ngergruppen: IT-Technik MarktanalyseRechtsgrundlage: Erf\u00fcllung eines Vertrages (DSGVO Art. 6 Abs. 1 b)Personengruppen: Kunden, MitarbeiterL\u00f6schfristen: Kontaktdaten: nach Beendigung des Vertrages oder der Zusammenarbeit, Pers\u00f6nliche Identifikationsdaten: Steuerrecht nach \u00a7 132 Abs 1 BAO: 7 JahreEmpf\u00e4ngergruppen: Banken, IT-Technik, Steuerberater, Versanddienstleister\u00dcbermittlung an Drittstaaten: keine \u00dcbermittlung an Drittstaaten Die betroffenen Personen haben folgende Rechte gegen\u00fcber dem Verantwortlichen: - Recht auf Best\u00e4tigung- Recht auf Auskunft- Recht auf Berichtigung- Recht auf L\u00f6schung- Recht auf Einschr\u00e4nkung der Verarbeitung- Widerspruchsrecht gegen die Verarbeitung (nur bei berechtigtem Interesse)- Recht auf Daten\u00fcbertragbarkeit (nur bei Vertragsbeziehung oder Einwilligung)- Beschwerderecht bei der Aufsichtsbeh\u00f6rde Wenn die Verarbeitung auf der Einwilligung beruht, hat die betroffene Person, das Recht die Einwilligung jederzeit zu widerrufen (Marketing f\u00fcr eigene Zwecke); der Widerruf ber\u00fchrt die [&hellip;]","og_url":"https:\/\/hedgego.at\/de\/datenschutzerklaerung\/","og_site_name":"hedgeGo","article_modified_time":"2025-08-25T15:34:51+00:00","og_image":[{"width":2272,"height":1165,"url":"https:\/\/hedgego.at\/wp-content\/uploads\/2023\/02\/website.jpg","type":"image\/jpeg"}],"twitter_card":"summary_large_image","twitter_misc":{"Gesch\u00e4tzte Lesezeit":"2\u00a0Minuten"},"schema":{"@context":"https:\/\/schema.org","@graph":[{"@type":"WebPage","@id":"https:\/\/hedgego.at\/de\/datenschutzerklaerung\/","url":"https:\/\/hedgego.at\/de\/datenschutzerklaerung\/","name":"Datenschutzerkl\u00e4rung - hedgeGo","isPartOf":{"@id":"https:\/\/hedgego.at\/de\/#website"},"datePublished":"2025-08-25T15:34:50+00:00","dateModified":"2025-08-25T15:34:51+00:00","breadcrumb":{"@id":"https:\/\/hedgego.at\/de\/datenschutzerklaerung\/#breadcrumb"},"inLanguage":"de","potentialAction":[{"@type":"ReadAction","target":["https:\/\/hedgego.at\/de\/datenschutzerklaerung\/"]}]},{"@type":"BreadcrumbList","@id":"https:\/\/hedgego.at\/de\/datenschutzerklaerung\/#breadcrumb","itemListElement":[{"@type":"ListItem","position":1,"name":"Startseite","item":"https:\/\/hedgego.at\/de\/homepage\/"},{"@type":"ListItem","position":2,"name":"Datenschutzerkl\u00e4rung"}]},{"@type":"WebSite","@id":"https:\/\/hedgego.at\/de\/#website","url":"https:\/\/hedgego.at\/de\/","name":"hedgeGo","description":"FX Intelligence","publisher":{"@id":"https:\/\/hedgego.at\/de\/#organization"},"potentialAction":[{"@type":"SearchAction","target":{"@type":"EntryPoint","urlTemplate":"https:\/\/hedgego.at\/de\/?s={search_term_string}"},"query-input":{"@type":"PropertyValueSpecification","valueRequired":true,"valueName":"search_term_string"}}],"inLanguage":"de"},{"@type":"Organization","@id":"https:\/\/hedgego.at\/de\/#organization","name":"HedgeGo - FX Intelligence","url":"https:\/\/hedgego.at\/de\/","logo":{"@type":"ImageObject","inLanguage":"de","@id":"https:\/\/hedgego.at\/de\/#\/schema\/logo\/image\/","url":"https:\/\/hedgego.at\/wp-content\/uploads\/2024\/04\/HedgeGo-Teaser.png","contentUrl":"https:\/\/hedgego.at\/wp-content\/uploads\/2024\/04\/HedgeGo-Teaser.png","width":2978,"height":1984,"caption":"HedgeGo - FX Intelligence"},"image":{"@id":"https:\/\/hedgego.at\/de\/#\/schema\/logo\/image\/"},"sameAs":["https:\/\/www.linkedin.com\/company\/hedgego\/"]}]}},"_links":{"self":[{"href":"https:\/\/hedgego.at\/de\/wp-json\/wp\/v2\/pages\/15737","targetHints":{"allow":["GET"]}}],"collection":[{"href":"https:\/\/hedgego.at\/de\/wp-json\/wp\/v2\/pages"}],"about":[{"href":"https:\/\/hedgego.at\/de\/wp-json\/wp\/v2\/types\/page"}],"author":[{"embeddable":true,"href":"https:\/\/hedgego.at\/de\/wp-json\/wp\/v2\/users\/14"}],"replies":[{"embeddable":true,"href":"https:\/\/hedgego.at\/de\/wp-json\/wp\/v2\/comments?post=15737"}],"version-history":[{"count":3,"href":"https:\/\/hedgego.at\/de\/wp-json\/wp\/v2\/pages\/15737\/revisions"}],"predecessor-version":[{"id":15741,"href":"https:\/\/hedgego.at\/de\/wp-json\/wp\/v2\/pages\/15737\/revisions\/15741"}],"wp:attachment":[{"href":"https:\/\/hedgego.at\/de\/wp-json\/wp\/v2\/media?parent=15737"}],"curies":[{"name":"wp","href":"https:\/\/api.w.org\/{rel}","templated":true}]}}